{"id":167,"date":"2020-09-17T15:33:33","date_gmt":"2020-09-17T12:33:33","guid":{"rendered":"http:\/\/wesam.efadh.net\/rahaden\/?page_id=167"},"modified":"2022-02-01T12:03:16","modified_gmt":"2022-02-01T09:03:16","slug":"our-mission","status":"publish","type":"page","link":"https:\/\/wesam.efadh.net\/rahaden\/fr\/our-mission\/","title":{"rendered":"notre mission"},"content":{"rendered":"<p>Fournir des solutions et des services de d\u00e9fense et de s\u00e9curit\u00e9 de pointe pour contribuer au renforcement de l&rsquo;industrie de l&rsquo;\u00e9lectronique de d\u00e9fense saoudienne<\/p>","protected":false},"excerpt":{"rendered":"<p>Fournir des solutions et des services de d\u00e9fense et de s\u00e9curit\u00e9 de pointe pour contribuer au renforcement de l&rsquo;industrie de l&rsquo;\u00e9lectronique de d\u00e9fense saoudienne<\/p>\n","protected":false},"author":1,"featured_media":318,"parent":0,"menu_order":0,"comment_status":"closed","ping_status":"closed","template":"","meta":[],"_links":{"self":[{"href":"https:\/\/wesam.efadh.net\/rahaden\/fr\/wp-json\/wp\/v2\/pages\/167"}],"collection":[{"href":"https:\/\/wesam.efadh.net\/rahaden\/fr\/wp-json\/wp\/v2\/pages"}],"about":[{"href":"https:\/\/wesam.efadh.net\/rahaden\/fr\/wp-json\/wp\/v2\/types\/page"}],"author":[{"embeddable":true,"href":"https:\/\/wesam.efadh.net\/rahaden\/fr\/wp-json\/wp\/v2\/users\/1"}],"replies":[{"embeddable":true,"href":"https:\/\/wesam.efadh.net\/rahaden\/fr\/wp-json\/wp\/v2\/comments?post=167"}],"version-history":[{"count":3,"href":"https:\/\/wesam.efadh.net\/rahaden\/fr\/wp-json\/wp\/v2\/pages\/167\/revisions"}],"predecessor-version":[{"id":363,"href":"https:\/\/wesam.efadh.net\/rahaden\/fr\/wp-json\/wp\/v2\/pages\/167\/revisions\/363"}],"wp:featuredmedia":[{"embeddable":true,"href":"https:\/\/wesam.efadh.net\/rahaden\/fr\/wp-json\/wp\/v2\/media\/318"}],"wp:attachment":[{"href":"https:\/\/wesam.efadh.net\/rahaden\/fr\/wp-json\/wp\/v2\/media?parent=167"}],"curies":[{"name":"wp","href":"https:\/\/api.w.org\/{rel}","templated":true}]}}