{"id":235,"date":"2020-09-17T14:19:51","date_gmt":"2020-09-17T11:19:51","guid":{"rendered":"http:\/\/wesam.efadh.net\/rahaden\/the-quality-2\/"},"modified":"2022-02-01T11:16:37","modified_gmt":"2022-02-01T08:16:37","slug":"the-message","status":"publish","type":"page","link":"https:\/\/wesam.efadh.net\/rahaden\/fr\/the-message\/","title":{"rendered":"le message"},"content":{"rendered":"<p>Rahaden est une entreprise de services professionnels et fournit des produits et services de formation technique de qualit\u00e9. Nous visons \u00e0 fournir la norme la plus \u00e9lev\u00e9e possible qui d\u00e9passe les attentes de nos clients. Notre vision est de garder nos clients satisfaits, en \u00e9tablissant une entreprise bas\u00e9e sur des relations \u00e0 long terme. Nous nous engageons \u00e0 fournir les solutions les plus avanc\u00e9es et les plus avanc\u00e9es. Nous grandirons et ferons face au d\u00e9fi de l&rsquo;avenir en appliquant correctement les forces de notre personnel et de la technologie pour cr\u00e9er une base solide pour notre entreprise. Sur cette base, nous nous efforcerons de faire de Rahaden un fournisseur leader de solutions de formation technique<\/p>","protected":false},"excerpt":{"rendered":"<p>Rahaden est une entreprise de services professionnels et fournit des produits et services de formation technique de qualit\u00e9. Nous visons \u00e0 fournir la norme la plus \u00e9lev\u00e9e possible qui d\u00e9passe les attentes de nos clients. Notre vision est de garder nos clients satisfaits, en \u00e9tablissant une entreprise bas\u00e9e sur des relations \u00e0 long terme. Nous [&hellip;]<\/p>\n","protected":false},"author":1,"featured_media":0,"parent":0,"menu_order":0,"comment_status":"closed","ping_status":"closed","template":"","meta":[],"_links":{"self":[{"href":"https:\/\/wesam.efadh.net\/rahaden\/fr\/wp-json\/wp\/v2\/pages\/235"}],"collection":[{"href":"https:\/\/wesam.efadh.net\/rahaden\/fr\/wp-json\/wp\/v2\/pages"}],"about":[{"href":"https:\/\/wesam.efadh.net\/rahaden\/fr\/wp-json\/wp\/v2\/types\/page"}],"author":[{"embeddable":true,"href":"https:\/\/wesam.efadh.net\/rahaden\/fr\/wp-json\/wp\/v2\/users\/1"}],"replies":[{"embeddable":true,"href":"https:\/\/wesam.efadh.net\/rahaden\/fr\/wp-json\/wp\/v2\/comments?post=235"}],"version-history":[{"count":5,"href":"https:\/\/wesam.efadh.net\/rahaden\/fr\/wp-json\/wp\/v2\/pages\/235\/revisions"}],"predecessor-version":[{"id":346,"href":"https:\/\/wesam.efadh.net\/rahaden\/fr\/wp-json\/wp\/v2\/pages\/235\/revisions\/346"}],"wp:attachment":[{"href":"https:\/\/wesam.efadh.net\/rahaden\/fr\/wp-json\/wp\/v2\/media?parent=235"}],"curies":[{"name":"wp","href":"https:\/\/api.w.org\/{rel}","templated":true}]}}